{"id":11,"date":"2023-05-19T09:36:47","date_gmt":"2023-05-19T09:36:47","guid":{"rendered":"https:\/\/asadorsidreriapalacios.com\/?page_id=11"},"modified":"2024-10-11T06:17:04","modified_gmt":"2024-10-11T06:17:04","slug":"quienes-somos-aluminios-alumar","status":"publish","type":"page","link":"https:\/\/aluminiosalumar.com\/index.php\/quienes-somos-aluminios-alumar\/","title":{"rendered":"Quienes Somos"},"content":{"rendered":"\n<div class=\"wp-block-columns are-vertically-aligned-center is-layout-flex wp-container-core-columns-is-layout-9d6595d7 wp-block-columns-is-layout-flex\">\n<div class=\"wp-block-column is-vertically-aligned-center is-layout-flow wp-block-column-is-layout-flow\">\n<figure class=\"wp-block-image size-full\"><img loading=\"lazy\" decoding=\"async\" width=\"1024\" height=\"768\" src=\"https:\/\/aluminiosalumar.com\/wp-content\/uploads\/2023\/09\/Quienes-somos-1.jpg\" alt=\"Ra\u00fal Jim\u00e9nez Murillo y su hijo frente a la furgoneta de la empresa\" class=\"wp-image-841\" srcset=\"https:\/\/aluminiosalumar.com\/wp-content\/uploads\/2023\/09\/Quienes-somos-1.jpg 1024w, https:\/\/aluminiosalumar.com\/wp-content\/uploads\/2023\/09\/Quienes-somos-1-300x225.jpg 300w, https:\/\/aluminiosalumar.com\/wp-content\/uploads\/2023\/09\/Quienes-somos-1-768x576.jpg 768w\" sizes=\"auto, (max-width: 767px) 89vw, (max-width: 1000px) 54vw, (max-width: 1071px) 543px, 580px\" \/><\/figure>\n\n\n\n<div style=\"height:40px\" aria-hidden=\"true\" class=\"wp-block-spacer\"><\/div>\n\n\n\n<p>La historia de ALUMAR es un testimonio inspirador de perseverancia y dedicaci\u00f3n arraigada en el peque\u00f1o pueblo de Cerezo del R\u00edo Tir\u00f3n, ubicado en la hermosa regi\u00f3n de Burgos. Fundada en el a\u00f1o 2012 por el visionario Ra\u00fal Jim\u00e9nez Murillo, la empresa se ha convertido en una empresa l\u00edder que abarca todo el territorio espa\u00f1ol con sus servicios inigualables.<\/p>\n\n\n\n<div style=\"height:40px\" aria-hidden=\"true\" class=\"wp-block-spacer\"><\/div>\n\n\n\n<p>El viaje de ALUMAR comenz\u00f3 como un sue\u00f1o local en este id\u00edlico rinc\u00f3n de Espa\u00f1a. Ra\u00fal Jim\u00e9nez, con su pasi\u00f3n por la carpinter\u00eda met\u00e1lica y el aluminio, se propuso llenar un vac\u00edo en el mercado. Aprovechando su habilidad artesanal y su esp\u00edritu emprendedor, fund\u00f3 ALUMAR con la determinaci\u00f3n de brindar soluciones de alta calidad y personalizadas en el \u00e1mbito de la carpinter\u00eda met\u00e1lica de aluminio.<\/p>\n\n\n\n<div style=\"height:40px\" aria-hidden=\"true\" class=\"wp-block-spacer\"><\/div>\n\n\n\n<p>A medida que la reputaci\u00f3n de ALUMAR creci\u00f3, tambi\u00e9n lo hizo su alcance. Lo que comenz\u00f3 como un modesto taller en Cerezo del R\u00edo Tir\u00f3n se transform\u00f3 en una empresa que llega a todos los rincones de Espa\u00f1a. La dedicaci\u00f3n a la excelencia, la calidad y el compromiso con la satisfacci\u00f3n del cliente impulsaron este crecimiento constante.<\/p>\n\n\n\n<p>Hoy en d\u00eda, ALUMAR es sin\u00f3nimo de productos de calidad y compromiso inquebrantable con los plazos acordados. La visi\u00f3n audaz de Ra\u00fal Jim\u00e9nez y su equipo ha convertido a ALUMAR en un referente en la industria, demostrando que incluso desde los lugares m\u00e1s peque\u00f1os pueden surgir empresas de gran envergadura.<\/p>\n\n\n\n<div style=\"height:30px\" aria-hidden=\"true\" class=\"wp-block-spacer\"><\/div>\n\n\n\n<figure class=\"wp-block-image size-full\"><img loading=\"lazy\" decoding=\"async\" width=\"1024\" height=\"768\" src=\"https:\/\/aluminiosalumar.com\/wp-content\/uploads\/2023\/09\/Quienes-somos-2.jpg\" alt=\"Dos operarios trabajan en el inteeior de la nave\" class=\"wp-image-840\" srcset=\"https:\/\/aluminiosalumar.com\/wp-content\/uploads\/2023\/09\/Quienes-somos-2.jpg 1024w, https:\/\/aluminiosalumar.com\/wp-content\/uploads\/2023\/09\/Quienes-somos-2-300x225.jpg 300w, https:\/\/aluminiosalumar.com\/wp-content\/uploads\/2023\/09\/Quienes-somos-2-768x576.jpg 768w\" sizes=\"auto, (max-width: 767px) 89vw, (max-width: 1000px) 54vw, (max-width: 1071px) 543px, 580px\" \/><\/figure>\n\n\n\n<div style=\"height:30px\" aria-hidden=\"true\" class=\"wp-block-spacer\"><\/div>\n\n\n\n<p>La historia de ALUMAR es un recordatorio de que la pasi\u00f3n, el trabajo duro y la dedicaci\u00f3n pueden transformar un sue\u00f1o local en una realidad nacional. La empresa no solo ha dejado una huella en el mercado, sino que tambi\u00e9n ha demostrado que el esp\u00edritu emprendedor puede trascender las fronteras geogr\u00e1ficas y convertirse en un ejemplo inspirador para otros.<\/p>\n\n\n\n<div style=\"height:30px\" aria-hidden=\"true\" class=\"wp-block-spacer\"><\/div>\n<\/div>\n<\/div>\n\n\n\n<figure class=\"wp-block-image size-large\"><img loading=\"lazy\" decoding=\"async\" width=\"1024\" height=\"479\" src=\"https:\/\/aluminiosalumar.com\/wp-content\/uploads\/2023\/09\/Quienes-somos-colas-1024x479.jpg\" alt=\"Tres im\u00e1genes de operarios trabajando en  el taller haciendo marcos de ventanas\" class=\"wp-image-846\" srcset=\"https:\/\/aluminiosalumar.com\/wp-content\/uploads\/2023\/09\/Quienes-somos-colas-1024x479.jpg 1024w, https:\/\/aluminiosalumar.com\/wp-content\/uploads\/2023\/09\/Quienes-somos-colas-300x140.jpg 300w, https:\/\/aluminiosalumar.com\/wp-content\/uploads\/2023\/09\/Quienes-somos-colas-768x359.jpg 768w, https:\/\/aluminiosalumar.com\/wp-content\/uploads\/2023\/09\/Quienes-somos-colas-1536x719.jpg 1536w, https:\/\/aluminiosalumar.com\/wp-content\/uploads\/2023\/09\/Quienes-somos-colas-2048x958.jpg 2048w\" sizes=\"auto, (max-width: 767px) 89vw, (max-width: 1000px) 54vw, (max-width: 1071px) 543px, 580px\" \/><\/figure>\n\n\n\n<div style=\"height:30px\" aria-hidden=\"true\" class=\"wp-block-spacer\"><\/div>\n","protected":false},"excerpt":{"rendered":"<p>La historia de ALUMAR es un testimonio inspirador de perseverancia y dedicaci\u00f3n arraigada en el peque\u00f1o pueblo de Cerezo del R\u00edo Tir\u00f3n, ubicado en la hermosa regi\u00f3n de Burgos. Fundada en el a\u00f1o 2012 por el visionario Ra\u00fal Jim\u00e9nez Murillo, la empresa se ha convertido en una empresa l\u00edder que abarca todo el territorio espa\u00f1ol &hellip; <\/p>\n<p class=\"link-more\"><a href=\"https:\/\/aluminiosalumar.com\/index.php\/quienes-somos-aluminios-alumar\/\" class=\"more-link\">Continuar leyendo<span class=\"screen-reader-text\"> \u00abQuienes Somos\u00bb<\/span><\/a><\/p>\n","protected":false},"author":1,"featured_media":0,"parent":0,"menu_order":0,"comment_status":"closed","ping_status":"closed","template":"","meta":{"footnotes":""},"class_list":["post-11","page","type-page","status-publish","hentry"],"yoast_head":"<!-- This site is optimized with the Yoast SEO plugin v24.2 - https:\/\/yoast.com\/wordpress\/plugins\/seo\/ -->\n<title>Quienes somos Alumar. Carpinteros de metal de Burgos. Puertas.<\/title>\n<meta name=\"description\" content=\"Aluminios Alumar es una carpinter\u00eda met\u00e1lica de Burgos especializadas en puertas y ventanas de aluminio y PVC.\" \/>\n<meta name=\"robots\" content=\"index, follow, max-snippet:-1, max-image-preview:large, max-video-preview:-1\" \/>\n<link rel=\"canonical\" href=\"https:\/\/aluminiosalumar.com\/index.php\/quienes-somos-aluminios-alumar\/\" \/>\n<meta property=\"og:locale\" content=\"es_ES\" \/>\n<meta property=\"og:type\" content=\"article\" \/>\n<meta property=\"og:title\" content=\"Quienes somos Alumar. Carpinteros de metal de Burgos. Puertas.\" \/>\n<meta property=\"og:description\" content=\"Aluminios Alumar es una carpinter\u00eda met\u00e1lica de Burgos especializadas en puertas y ventanas de aluminio y PVC.\" \/>\n<meta property=\"og:url\" content=\"https:\/\/aluminiosalumar.com\/index.php\/quienes-somos-aluminios-alumar\/\" \/>\n<meta property=\"article:modified_time\" content=\"2024-10-11T06:17:04+00:00\" \/>\n<meta property=\"og:image\" content=\"https:\/\/aluminiosalumar.com\/wp-content\/uploads\/2023\/09\/Quienes-somos-1.jpg\" \/>\n<meta name=\"twitter:card\" content=\"summary_large_image\" \/>\n<meta name=\"twitter:label1\" content=\"Tiempo de lectura\" \/>\n\t<meta name=\"twitter:data1\" content=\"2 minutos\" \/>\n<script type=\"application\/ld+json\" class=\"yoast-schema-graph\">{\"@context\":\"https:\/\/schema.org\",\"@graph\":[{\"@type\":\"WebPage\",\"@id\":\"https:\/\/aluminiosalumar.com\/index.php\/quienes-somos-aluminios-alumar\/\",\"url\":\"https:\/\/aluminiosalumar.com\/index.php\/quienes-somos-aluminios-alumar\/\",\"name\":\"Quienes somos Alumar. Carpinteros de metal de Burgos. Puertas.\",\"isPartOf\":{\"@id\":\"https:\/\/aluminiosalumar.com\/#website\"},\"primaryImageOfPage\":{\"@id\":\"https:\/\/aluminiosalumar.com\/index.php\/quienes-somos-aluminios-alumar\/#primaryimage\"},\"image\":{\"@id\":\"https:\/\/aluminiosalumar.com\/index.php\/quienes-somos-aluminios-alumar\/#primaryimage\"},\"thumbnailUrl\":\"https:\/\/aluminiosalumar.com\/wp-content\/uploads\/2023\/09\/Quienes-somos-1.jpg\",\"datePublished\":\"2023-05-19T09:36:47+00:00\",\"dateModified\":\"2024-10-11T06:17:04+00:00\",\"description\":\"Aluminios Alumar es una carpinter\u00eda met\u00e1lica de Burgos especializadas en puertas y ventanas de aluminio y PVC.\",\"breadcrumb\":{\"@id\":\"https:\/\/aluminiosalumar.com\/index.php\/quienes-somos-aluminios-alumar\/#breadcrumb\"},\"inLanguage\":\"es\",\"potentialAction\":[{\"@type\":\"ReadAction\",\"target\":[\"https:\/\/aluminiosalumar.com\/index.php\/quienes-somos-aluminios-alumar\/\"]}]},{\"@type\":\"ImageObject\",\"inLanguage\":\"es\",\"@id\":\"https:\/\/aluminiosalumar.com\/index.php\/quienes-somos-aluminios-alumar\/#primaryimage\",\"url\":\"https:\/\/aluminiosalumar.com\/wp-content\/uploads\/2023\/09\/Quienes-somos-1.jpg\",\"contentUrl\":\"https:\/\/aluminiosalumar.com\/wp-content\/uploads\/2023\/09\/Quienes-somos-1.jpg\",\"width\":1024,\"height\":768},{\"@type\":\"BreadcrumbList\",\"@id\":\"https:\/\/aluminiosalumar.com\/index.php\/quienes-somos-aluminios-alumar\/#breadcrumb\",\"itemListElement\":[{\"@type\":\"ListItem\",\"position\":1,\"name\":\"Portada\",\"item\":\"https:\/\/aluminiosalumar.com\/\"},{\"@type\":\"ListItem\",\"position\":2,\"name\":\"Quienes Somos\"}]},{\"@type\":\"WebSite\",\"@id\":\"https:\/\/aluminiosalumar.com\/#website\",\"url\":\"https:\/\/aluminiosalumar.com\/\",\"name\":\"\",\"description\":\"Carpinter\u00eda de Alum\u00ednio y PVC\",\"potentialAction\":[{\"@type\":\"SearchAction\",\"target\":{\"@type\":\"EntryPoint\",\"urlTemplate\":\"https:\/\/aluminiosalumar.com\/?s={search_term_string}\"},\"query-input\":{\"@type\":\"PropertyValueSpecification\",\"valueRequired\":true,\"valueName\":\"search_term_string\"}}],\"inLanguage\":\"es\"}]}<\/script>\n<!-- \/ Yoast SEO plugin. -->","yoast_head_json":{"title":"Quienes somos Alumar. Carpinteros de metal de Burgos. Puertas.","description":"Aluminios Alumar es una carpinter\u00eda met\u00e1lica de Burgos especializadas en puertas y ventanas de aluminio y PVC.","robots":{"index":"index","follow":"follow","max-snippet":"max-snippet:-1","max-image-preview":"max-image-preview:large","max-video-preview":"max-video-preview:-1"},"canonical":"https:\/\/aluminiosalumar.com\/index.php\/quienes-somos-aluminios-alumar\/","og_locale":"es_ES","og_type":"article","og_title":"Quienes somos Alumar. Carpinteros de metal de Burgos. Puertas.","og_description":"Aluminios Alumar es una carpinter\u00eda met\u00e1lica de Burgos especializadas en puertas y ventanas de aluminio y PVC.","og_url":"https:\/\/aluminiosalumar.com\/index.php\/quienes-somos-aluminios-alumar\/","article_modified_time":"2024-10-11T06:17:04+00:00","og_image":[{"url":"https:\/\/aluminiosalumar.com\/wp-content\/uploads\/2023\/09\/Quienes-somos-1.jpg","type":"","width":"","height":""}],"twitter_card":"summary_large_image","twitter_misc":{"Tiempo de lectura":"2 minutos"},"schema":{"@context":"https:\/\/schema.org","@graph":[{"@type":"WebPage","@id":"https:\/\/aluminiosalumar.com\/index.php\/quienes-somos-aluminios-alumar\/","url":"https:\/\/aluminiosalumar.com\/index.php\/quienes-somos-aluminios-alumar\/","name":"Quienes somos Alumar. Carpinteros de metal de Burgos. Puertas.","isPartOf":{"@id":"https:\/\/aluminiosalumar.com\/#website"},"primaryImageOfPage":{"@id":"https:\/\/aluminiosalumar.com\/index.php\/quienes-somos-aluminios-alumar\/#primaryimage"},"image":{"@id":"https:\/\/aluminiosalumar.com\/index.php\/quienes-somos-aluminios-alumar\/#primaryimage"},"thumbnailUrl":"https:\/\/aluminiosalumar.com\/wp-content\/uploads\/2023\/09\/Quienes-somos-1.jpg","datePublished":"2023-05-19T09:36:47+00:00","dateModified":"2024-10-11T06:17:04+00:00","description":"Aluminios Alumar es una carpinter\u00eda met\u00e1lica de Burgos especializadas en puertas y ventanas de aluminio y PVC.","breadcrumb":{"@id":"https:\/\/aluminiosalumar.com\/index.php\/quienes-somos-aluminios-alumar\/#breadcrumb"},"inLanguage":"es","potentialAction":[{"@type":"ReadAction","target":["https:\/\/aluminiosalumar.com\/index.php\/quienes-somos-aluminios-alumar\/"]}]},{"@type":"ImageObject","inLanguage":"es","@id":"https:\/\/aluminiosalumar.com\/index.php\/quienes-somos-aluminios-alumar\/#primaryimage","url":"https:\/\/aluminiosalumar.com\/wp-content\/uploads\/2023\/09\/Quienes-somos-1.jpg","contentUrl":"https:\/\/aluminiosalumar.com\/wp-content\/uploads\/2023\/09\/Quienes-somos-1.jpg","width":1024,"height":768},{"@type":"BreadcrumbList","@id":"https:\/\/aluminiosalumar.com\/index.php\/quienes-somos-aluminios-alumar\/#breadcrumb","itemListElement":[{"@type":"ListItem","position":1,"name":"Portada","item":"https:\/\/aluminiosalumar.com\/"},{"@type":"ListItem","position":2,"name":"Quienes Somos"}]},{"@type":"WebSite","@id":"https:\/\/aluminiosalumar.com\/#website","url":"https:\/\/aluminiosalumar.com\/","name":"","description":"Carpinter\u00eda de Alum\u00ednio y PVC","potentialAction":[{"@type":"SearchAction","target":{"@type":"EntryPoint","urlTemplate":"https:\/\/aluminiosalumar.com\/?s={search_term_string}"},"query-input":{"@type":"PropertyValueSpecification","valueRequired":true,"valueName":"search_term_string"}}],"inLanguage":"es"}]}},"_links":{"self":[{"href":"https:\/\/aluminiosalumar.com\/index.php\/wp-json\/wp\/v2\/pages\/11","targetHints":{"allow":["GET"]}}],"collection":[{"href":"https:\/\/aluminiosalumar.com\/index.php\/wp-json\/wp\/v2\/pages"}],"about":[{"href":"https:\/\/aluminiosalumar.com\/index.php\/wp-json\/wp\/v2\/types\/page"}],"author":[{"embeddable":true,"href":"https:\/\/aluminiosalumar.com\/index.php\/wp-json\/wp\/v2\/users\/1"}],"replies":[{"embeddable":true,"href":"https:\/\/aluminiosalumar.com\/index.php\/wp-json\/wp\/v2\/comments?post=11"}],"version-history":[{"count":29,"href":"https:\/\/aluminiosalumar.com\/index.php\/wp-json\/wp\/v2\/pages\/11\/revisions"}],"predecessor-version":[{"id":1225,"href":"https:\/\/aluminiosalumar.com\/index.php\/wp-json\/wp\/v2\/pages\/11\/revisions\/1225"}],"wp:attachment":[{"href":"https:\/\/aluminiosalumar.com\/index.php\/wp-json\/wp\/v2\/media?parent=11"}],"curies":[{"name":"wp","href":"https:\/\/api.w.org\/{rel}","templated":true}]}}