{"id":15,"date":"2023-05-19T09:37:37","date_gmt":"2023-05-19T09:37:37","guid":{"rendered":"https:\/\/asadorsidreriapalacios.com\/?page_id=15"},"modified":"2023-10-03T09:59:52","modified_gmt":"2023-10-03T09:59:52","slug":"contacto","status":"publish","type":"page","link":"https:\/\/aluminiosalumar.com\/index.php\/contacto\/","title":{"rendered":"Contacto"},"content":{"rendered":"\n<div class=\"wp-block-columns are-vertically-aligned-center is-layout-flex wp-container-core-columns-is-layout-9d6595d7 wp-block-columns-is-layout-flex\">\n<div class=\"wp-block-column is-vertically-aligned-center gap: 5em is-layout-flow wp-block-column-is-layout-flow\">\n<iframe src=\"https:\/\/www.google.com\/maps\/embed?pb=!1m18!1m12!1m3!1d2942.033335837214!2d-3.141434923479821!3d42.49084392682834!2m3!1f0!2f0!3f0!3m2!1i1024!2i768!4f13.1!3m3!1m2!1s0xd45808a8a45c13b%3A0x366944042d2c99a9!2sC.%20Jarama%2C%2023%2C%2009270%20Cerezo%20de%20R%C3%ADo%20Tir%C3%B3n%2C%20Burgos!5e0!3m2!1ses!2ses!4v1694082895574!5m2!1ses!2ses\" width=\"800\" height=\"250\" style=\"border:0;\" allowfullscreen=\"\" loading=\"lazy\" referrerpolicy=\"no-referrer-when-downgrade\"><\/iframe>\n<\/div>\n<\/div>\n\n\n\n<div class=\"wp-block-columns is-layout-flex wp-container-core-columns-is-layout-9d6595d7 wp-block-columns-is-layout-flex\">\n<div class=\"wp-block-column is-layout-flow wp-block-column-is-layout-flow\" style=\"flex-basis:66.66%\">\n<div class=\"wpcf7 no-js\" id=\"wpcf7-f880-o1\" lang=\"es-ES\" dir=\"ltr\" data-wpcf7-id=\"880\">\n<div class=\"screen-reader-response\"><p role=\"status\" aria-live=\"polite\" aria-atomic=\"true\"><\/p> <ul><\/ul><\/div>\n<form action=\"\/index.php\/wp-json\/wp\/v2\/pages\/15#wpcf7-f880-o1\" method=\"post\" class=\"wpcf7-form init\" aria-label=\"Formulario de contacto\" novalidate=\"novalidate\" data-status=\"init\">\n<div style=\"display: none;\">\n<input type=\"hidden\" name=\"_wpcf7\" value=\"880\" \/>\n<input type=\"hidden\" name=\"_wpcf7_version\" value=\"6.0.2\" \/>\n<input type=\"hidden\" name=\"_wpcf7_locale\" value=\"es_ES\" \/>\n<input type=\"hidden\" name=\"_wpcf7_unit_tag\" value=\"wpcf7-f880-o1\" \/>\n<input type=\"hidden\" name=\"_wpcf7_container_post\" value=\"0\" \/>\n<input type=\"hidden\" name=\"_wpcf7_posted_data_hash\" value=\"\" \/>\n<\/div>\n<p><label> Tu nombre<br \/>\n<span class=\"wpcf7-form-control-wrap\" data-name=\"your-name\"><input size=\"40\" maxlength=\"400\" class=\"wpcf7-form-control wpcf7-text wpcf7-validates-as-required\" autocomplete=\"name\" aria-required=\"true\" aria-invalid=\"false\" value=\"\" type=\"text\" name=\"your-name\" \/><\/span> <\/label>\n<\/p>\n<p><label> Tu correo electr\u00f3nico<br \/>\n<span class=\"wpcf7-form-control-wrap\" data-name=\"your-email\"><input size=\"40\" maxlength=\"400\" class=\"wpcf7-form-control wpcf7-email wpcf7-validates-as-required wpcf7-text wpcf7-validates-as-email\" autocomplete=\"email\" aria-required=\"true\" aria-invalid=\"false\" value=\"\" type=\"email\" name=\"your-email\" \/><\/span> <\/label>\n<\/p>\n<p><label> Asunto<br \/>\n<span class=\"wpcf7-form-control-wrap\" data-name=\"your-subject\"><input size=\"40\" maxlength=\"400\" class=\"wpcf7-form-control wpcf7-text wpcf7-validates-as-required\" aria-required=\"true\" aria-invalid=\"false\" value=\"\" type=\"text\" name=\"your-subject\" \/><\/span> <\/label>\n<\/p>\n<p><label> Tu mensaje (opcional)<br \/>\n<span class=\"wpcf7-form-control-wrap\" data-name=\"your-message\"><textarea cols=\"40\" rows=\"10\" maxlength=\"2000\" class=\"wpcf7-form-control wpcf7-textarea\" aria-invalid=\"false\" name=\"your-message\"><\/textarea><\/span> <\/label>\n<\/p>\n<p><input class=\"wpcf7-form-control wpcf7-submit has-spinner\" type=\"submit\" value=\"Enviar\" \/>\n<\/p><div class=\"wpcf7-response-output\" aria-hidden=\"true\"><\/div>\n<\/form>\n<\/div>\n\n<\/div>\n\n\n\n<div class=\"wp-block-column is-layout-flow wp-block-column-is-layout-flow\" style=\"flex-basis:33.33%\">\n<p><strong>ALUMAR <\/strong><br \/>Calle Jarama, 23 <br \/>09270 Cerezo de R\u00edo Tir\u00f3n, Burgos<\/p>\n<p><strong>Tel\u00e9fono:<\/strong> 659 82 41 91<br \/><strong>Email:<\/strong> alumarj77@gmail.com<br \/><strong>Web:<\/strong> www.aluminiosalumar.com<\/p>\n<\/div>\n<\/div>\n\n\n\n<figure class=\"imagenmargen wp-block-image size-large is-style-default\"><img decoding=\"async\" src=\"https:\/\/aluminiosalumar.com\/wp-content\/uploads\/2023\/09\/Quienes-somos-colas.jpg\" alt=\"Imagen de operarios trabajando en la nave\" class=\"imagenfull wp-image-53\"\/><\/figure>\n","protected":false},"excerpt":{"rendered":"<p>ALUMAR Calle Jarama, 23 09270 Cerezo de R\u00edo Tir\u00f3n, Burgos Tel\u00e9fono: 659 82 41 91Email: alumarj77@gmail.comWeb: www.aluminiosalumar.com<\/p>\n","protected":false},"author":1,"featured_media":0,"parent":0,"menu_order":0,"comment_status":"closed","ping_status":"closed","template":"","meta":{"footnotes":""},"class_list":["post-15","page","type-page","status-publish","hentry"],"yoast_head":"<!-- This site is optimized with the Yoast SEO plugin v24.2 - https:\/\/yoast.com\/wordpress\/plugins\/seo\/ -->\n<title>Contacto -<\/title>\n<meta name=\"robots\" content=\"index, follow, max-snippet:-1, max-image-preview:large, max-video-preview:-1\" \/>\n<link rel=\"canonical\" href=\"https:\/\/aluminiosalumar.com\/index.php\/contacto\/\" \/>\n<meta property=\"og:locale\" content=\"es_ES\" \/>\n<meta property=\"og:type\" content=\"article\" \/>\n<meta property=\"og:title\" content=\"Contacto -\" \/>\n<meta property=\"og:description\" content=\"ALUMAR Calle Jarama, 23 09270 Cerezo de R\u00edo Tir\u00f3n, Burgos Tel\u00e9fono: 659 82 41 91Email: alumarj77@gmail.comWeb: www.aluminiosalumar.com\" \/>\n<meta property=\"og:url\" content=\"https:\/\/aluminiosalumar.com\/index.php\/contacto\/\" \/>\n<meta property=\"article:modified_time\" content=\"2023-10-03T09:59:52+00:00\" \/>\n<meta property=\"og:image\" content=\"https:\/\/aluminiosalumar.com\/wp-content\/uploads\/2023\/09\/Quienes-somos-colas.jpg\" \/>\n<meta name=\"twitter:card\" content=\"summary_large_image\" \/>\n<meta name=\"twitter:label1\" content=\"Tiempo de lectura\" \/>\n\t<meta name=\"twitter:data1\" content=\"1 minuto\" \/>\n<script type=\"application\/ld+json\" class=\"yoast-schema-graph\">{\"@context\":\"https:\/\/schema.org\",\"@graph\":[{\"@type\":\"WebPage\",\"@id\":\"https:\/\/aluminiosalumar.com\/index.php\/contacto\/\",\"url\":\"https:\/\/aluminiosalumar.com\/index.php\/contacto\/\",\"name\":\"Contacto -\",\"isPartOf\":{\"@id\":\"https:\/\/aluminiosalumar.com\/#website\"},\"primaryImageOfPage\":{\"@id\":\"https:\/\/aluminiosalumar.com\/index.php\/contacto\/#primaryimage\"},\"image\":{\"@id\":\"https:\/\/aluminiosalumar.com\/index.php\/contacto\/#primaryimage\"},\"thumbnailUrl\":\"https:\/\/aluminiosalumar.com\/wp-content\/uploads\/2023\/09\/Quienes-somos-colas.jpg\",\"datePublished\":\"2023-05-19T09:37:37+00:00\",\"dateModified\":\"2023-10-03T09:59:52+00:00\",\"breadcrumb\":{\"@id\":\"https:\/\/aluminiosalumar.com\/index.php\/contacto\/#breadcrumb\"},\"inLanguage\":\"es\",\"potentialAction\":[{\"@type\":\"ReadAction\",\"target\":[\"https:\/\/aluminiosalumar.com\/index.php\/contacto\/\"]}]},{\"@type\":\"ImageObject\",\"inLanguage\":\"es\",\"@id\":\"https:\/\/aluminiosalumar.com\/index.php\/contacto\/#primaryimage\",\"url\":\"https:\/\/aluminiosalumar.com\/wp-content\/uploads\/2023\/05\/sala.jpg\",\"contentUrl\":\"https:\/\/aluminiosalumar.com\/wp-content\/uploads\/2023\/05\/sala.jpg\",\"width\":2000,\"height\":1500,\"caption\":\"Comedor con mesas del asador\"},{\"@type\":\"BreadcrumbList\",\"@id\":\"https:\/\/aluminiosalumar.com\/index.php\/contacto\/#breadcrumb\",\"itemListElement\":[{\"@type\":\"ListItem\",\"position\":1,\"name\":\"Portada\",\"item\":\"https:\/\/aluminiosalumar.com\/\"},{\"@type\":\"ListItem\",\"position\":2,\"name\":\"Contacto\"}]},{\"@type\":\"WebSite\",\"@id\":\"https:\/\/aluminiosalumar.com\/#website\",\"url\":\"https:\/\/aluminiosalumar.com\/\",\"name\":\"\",\"description\":\"Carpinter\u00eda de Alum\u00ednio y PVC\",\"potentialAction\":[{\"@type\":\"SearchAction\",\"target\":{\"@type\":\"EntryPoint\",\"urlTemplate\":\"https:\/\/aluminiosalumar.com\/?s={search_term_string}\"},\"query-input\":{\"@type\":\"PropertyValueSpecification\",\"valueRequired\":true,\"valueName\":\"search_term_string\"}}],\"inLanguage\":\"es\"}]}<\/script>\n<!-- \/ Yoast SEO plugin. -->","yoast_head_json":{"title":"Contacto -","robots":{"index":"index","follow":"follow","max-snippet":"max-snippet:-1","max-image-preview":"max-image-preview:large","max-video-preview":"max-video-preview:-1"},"canonical":"https:\/\/aluminiosalumar.com\/index.php\/contacto\/","og_locale":"es_ES","og_type":"article","og_title":"Contacto -","og_description":"ALUMAR Calle Jarama, 23 09270 Cerezo de R\u00edo Tir\u00f3n, Burgos Tel\u00e9fono: 659 82 41 91Email: alumarj77@gmail.comWeb: www.aluminiosalumar.com","og_url":"https:\/\/aluminiosalumar.com\/index.php\/contacto\/","article_modified_time":"2023-10-03T09:59:52+00:00","og_image":[{"url":"https:\/\/aluminiosalumar.com\/wp-content\/uploads\/2023\/09\/Quienes-somos-colas.jpg","type":"","width":"","height":""}],"twitter_card":"summary_large_image","twitter_misc":{"Tiempo de lectura":"1 minuto"},"schema":{"@context":"https:\/\/schema.org","@graph":[{"@type":"WebPage","@id":"https:\/\/aluminiosalumar.com\/index.php\/contacto\/","url":"https:\/\/aluminiosalumar.com\/index.php\/contacto\/","name":"Contacto -","isPartOf":{"@id":"https:\/\/aluminiosalumar.com\/#website"},"primaryImageOfPage":{"@id":"https:\/\/aluminiosalumar.com\/index.php\/contacto\/#primaryimage"},"image":{"@id":"https:\/\/aluminiosalumar.com\/index.php\/contacto\/#primaryimage"},"thumbnailUrl":"https:\/\/aluminiosalumar.com\/wp-content\/uploads\/2023\/09\/Quienes-somos-colas.jpg","datePublished":"2023-05-19T09:37:37+00:00","dateModified":"2023-10-03T09:59:52+00:00","breadcrumb":{"@id":"https:\/\/aluminiosalumar.com\/index.php\/contacto\/#breadcrumb"},"inLanguage":"es","potentialAction":[{"@type":"ReadAction","target":["https:\/\/aluminiosalumar.com\/index.php\/contacto\/"]}]},{"@type":"ImageObject","inLanguage":"es","@id":"https:\/\/aluminiosalumar.com\/index.php\/contacto\/#primaryimage","url":"https:\/\/aluminiosalumar.com\/wp-content\/uploads\/2023\/05\/sala.jpg","contentUrl":"https:\/\/aluminiosalumar.com\/wp-content\/uploads\/2023\/05\/sala.jpg","width":2000,"height":1500,"caption":"Comedor con mesas del asador"},{"@type":"BreadcrumbList","@id":"https:\/\/aluminiosalumar.com\/index.php\/contacto\/#breadcrumb","itemListElement":[{"@type":"ListItem","position":1,"name":"Portada","item":"https:\/\/aluminiosalumar.com\/"},{"@type":"ListItem","position":2,"name":"Contacto"}]},{"@type":"WebSite","@id":"https:\/\/aluminiosalumar.com\/#website","url":"https:\/\/aluminiosalumar.com\/","name":"","description":"Carpinter\u00eda de Alum\u00ednio y PVC","potentialAction":[{"@type":"SearchAction","target":{"@type":"EntryPoint","urlTemplate":"https:\/\/aluminiosalumar.com\/?s={search_term_string}"},"query-input":{"@type":"PropertyValueSpecification","valueRequired":true,"valueName":"search_term_string"}}],"inLanguage":"es"}]}},"_links":{"self":[{"href":"https:\/\/aluminiosalumar.com\/index.php\/wp-json\/wp\/v2\/pages\/15","targetHints":{"allow":["GET"]}}],"collection":[{"href":"https:\/\/aluminiosalumar.com\/index.php\/wp-json\/wp\/v2\/pages"}],"about":[{"href":"https:\/\/aluminiosalumar.com\/index.php\/wp-json\/wp\/v2\/types\/page"}],"author":[{"embeddable":true,"href":"https:\/\/aluminiosalumar.com\/index.php\/wp-json\/wp\/v2\/users\/1"}],"replies":[{"embeddable":true,"href":"https:\/\/aluminiosalumar.com\/index.php\/wp-json\/wp\/v2\/comments?post=15"}],"version-history":[{"count":8,"href":"https:\/\/aluminiosalumar.com\/index.php\/wp-json\/wp\/v2\/pages\/15\/revisions"}],"predecessor-version":[{"id":1017,"href":"https:\/\/aluminiosalumar.com\/index.php\/wp-json\/wp\/v2\/pages\/15\/revisions\/1017"}],"wp:attachment":[{"href":"https:\/\/aluminiosalumar.com\/index.php\/wp-json\/wp\/v2\/media?parent=15"}],"curies":[{"name":"wp","href":"https:\/\/api.w.org\/{rel}","templated":true}]}}