{"id":859,"date":"2023-09-07T09:46:01","date_gmt":"2023-09-07T09:46:01","guid":{"rendered":"https:\/\/aluminiosalumar.com\/?page_id=859"},"modified":"2023-11-17T13:08:43","modified_gmt":"2023-11-17T13:08:43","slug":"puertas-de-pvc-en-burgos-puertas-de-aluminio","status":"publish","type":"page","link":"https:\/\/aluminiosalumar.com\/index.php\/puertas-de-pvc-en-burgos-puertas-de-aluminio\/","title":{"rendered":"Puertas"},"content":{"rendered":"<p>Confeccionamos a medida e instalamos puertas en PVC o en aluminio anodizado. Podr\u00e1s elegir entre m\u00faltiples acabados en cualquier color de la gama RAL, imitaciones de madera o texturas de imitaci\u00f3n de pinturas oxir\u00f3n o rugosidad de las maderas. Somos tu proveedor de puertas de aluminio y puertas de PVC en Burgos.<\/p>\n<p>\u2022 Puertas Interiores, tanto en aluminio como PVC, con posibilidad de acabado acristalado o ciego.<\/p>\n<p>\u2022 Puertas Exteriores, de solo aluminio o con partes acristaladas, para portales o de acceso a naves o garajes<\/p>\n<p>\u2022 Puertas Correderas, de aluminio, aluminio y cristal o solo cristal, apoyadas sobre dos gu\u00edas paralelas, ubicadas en el suelo y en el techo.<\/p>\n<p>\u2022 Puertas con apertura autom\u00e1tica para comercios, empresas o edificios p\u00fablicos o dotacionales. Podemos fabricarlas en cristal sobre perfil de aluminio o totalmente de cristal sin perfiler\u00eda, colgadas sobre las gu\u00edas empotradas en techos y suelos.<\/p>\n<p>Tambi\u00e9n podr\u00e1s optar por distintos tipos de apertura: practicable, corredera, oscilobatientes, giratorias, de guillotina, telesc\u00f3picas&#8230;etc.<\/p>\n<p>P\u00eddenos tus puertas de aluminio y puertas de PVC en Burgos.<\/p>\n<p>\u00a0<\/p>\n\n\n<div style=\"height:45px\" aria-hidden=\"true\" class=\"wp-block-spacer\"><\/div>\n\n\n\n<figure class=\"wp-block-gallery has-nested-images columns-default is-cropped wp-block-gallery-1 is-layout-flex wp-block-gallery-is-layout-flex\">\n<figure class=\"wp-block-image size-large\"><img loading=\"lazy\" decoding=\"async\" width=\"768\" height=\"1024\" data-id=\"900\" src=\"https:\/\/aluminiosalumar.com\/wp-content\/uploads\/2023\/09\/Puerta-ALUMAR-1.jpg\" alt=\"ejemplo de trabajo de una instalaci\u00f3n de puerta y ventana\" class=\"wp-image-900\" srcset=\"https:\/\/aluminiosalumar.com\/wp-content\/uploads\/2023\/09\/Puerta-ALUMAR-1.jpg 768w, https:\/\/aluminiosalumar.com\/wp-content\/uploads\/2023\/09\/Puerta-ALUMAR-1-225x300.jpg 225w\" sizes=\"auto, (max-width: 767px) 89vw, (max-width: 1000px) 54vw, (max-width: 1071px) 543px, 580px\" \/><\/figure>\n\n\n\n<figure class=\"wp-block-image size-large\"><img loading=\"lazy\" decoding=\"async\" width=\"768\" height=\"1024\" data-id=\"902\" src=\"https:\/\/aluminiosalumar.com\/wp-content\/uploads\/2023\/09\/Puerta-ALUMAR-2.jpg\" alt=\"ejemplo de trabajo de una instalaci\u00f3n de puerta\" class=\"wp-image-902\" srcset=\"https:\/\/aluminiosalumar.com\/wp-content\/uploads\/2023\/09\/Puerta-ALUMAR-2.jpg 768w, https:\/\/aluminiosalumar.com\/wp-content\/uploads\/2023\/09\/Puerta-ALUMAR-2-225x300.jpg 225w\" sizes=\"auto, (max-width: 767px) 89vw, (max-width: 1000px) 54vw, (max-width: 1071px) 543px, 580px\" \/><\/figure>\n\n\n\n<figure class=\"wp-block-image size-large\"><img loading=\"lazy\" decoding=\"async\" width=\"768\" height=\"1024\" data-id=\"903\" src=\"https:\/\/aluminiosalumar.com\/wp-content\/uploads\/2023\/09\/Puerta-ALUMAR-3.jpg\" alt=\"ejemplo de trabajo de una instalaci\u00f3n de puerta de aluminio. puertas de PVC en Burgos\" class=\"wp-image-903\" srcset=\"https:\/\/aluminiosalumar.com\/wp-content\/uploads\/2023\/09\/Puerta-ALUMAR-3.jpg 768w, https:\/\/aluminiosalumar.com\/wp-content\/uploads\/2023\/09\/Puerta-ALUMAR-3-225x300.jpg 225w\" sizes=\"auto, (max-width: 767px) 89vw, (max-width: 1000px) 54vw, (max-width: 1071px) 543px, 580px\" \/><\/figure>\n\n\n\n<figure class=\"wp-block-image size-large\"><img loading=\"lazy\" decoding=\"async\" width=\"768\" height=\"1024\" data-id=\"901\" src=\"https:\/\/aluminiosalumar.com\/wp-content\/uploads\/2023\/09\/Puerta-ALUMAR-4.jpg\" alt=\"ejemplo de trabajo de una instalaci\u00f3n de puerta de color antracita\" class=\"wp-image-901\" srcset=\"https:\/\/aluminiosalumar.com\/wp-content\/uploads\/2023\/09\/Puerta-ALUMAR-4.jpg 768w, https:\/\/aluminiosalumar.com\/wp-content\/uploads\/2023\/09\/Puerta-ALUMAR-4-225x300.jpg 225w\" sizes=\"auto, (max-width: 767px) 89vw, (max-width: 1000px) 54vw, (max-width: 1071px) 543px, 580px\" \/><\/figure>\n\n\n\n<figure class=\"wp-block-image size-large\"><img loading=\"lazy\" decoding=\"async\" width=\"1024\" height=\"682\" data-id=\"905\" src=\"https:\/\/aluminiosalumar.com\/wp-content\/uploads\/2023\/09\/Puerta-Aluminio-1-1024x682.png\" alt=\"ejemplo de trabajo de una instalaci\u00f3n de puerta  en un espacio p\u00fablico. puertas de PVC en Burgos\" class=\"wp-image-905\" srcset=\"https:\/\/aluminiosalumar.com\/wp-content\/uploads\/2023\/09\/Puerta-Aluminio-1-1024x682.png 1024w, https:\/\/aluminiosalumar.com\/wp-content\/uploads\/2023\/09\/Puerta-Aluminio-1-300x200.png 300w, https:\/\/aluminiosalumar.com\/wp-content\/uploads\/2023\/09\/Puerta-Aluminio-1-768x512.png 768w, https:\/\/aluminiosalumar.com\/wp-content\/uploads\/2023\/09\/Puerta-Aluminio-1.png 1536w\" sizes=\"auto, (max-width: 767px) 89vw, (max-width: 1000px) 54vw, (max-width: 1071px) 543px, 580px\" \/><\/figure>\n\n\n\n<figure class=\"wp-block-image size-large\"><img loading=\"lazy\" decoding=\"async\" width=\"1024\" height=\"682\" data-id=\"906\" src=\"https:\/\/aluminiosalumar.com\/wp-content\/uploads\/2023\/09\/Puerta-Aluminio-2-1024x682.png\" alt=\"puertas de PVC en Burgos Alava y La Rioja\" class=\"wp-image-906\" srcset=\"https:\/\/aluminiosalumar.com\/wp-content\/uploads\/2023\/09\/Puerta-Aluminio-2-1024x682.png 1024w, https:\/\/aluminiosalumar.com\/wp-content\/uploads\/2023\/09\/Puerta-Aluminio-2-300x200.png 300w, https:\/\/aluminiosalumar.com\/wp-content\/uploads\/2023\/09\/Puerta-Aluminio-2-768x512.png 768w, https:\/\/aluminiosalumar.com\/wp-content\/uploads\/2023\/09\/Puerta-Aluminio-2.png 1536w\" sizes=\"auto, (max-width: 767px) 89vw, (max-width: 1000px) 54vw, (max-width: 1071px) 543px, 580px\" \/><\/figure>\n\n\n\n<figure class=\"wp-block-image size-large\"><a href=\"https:\/\/aluminiosalumar.com\/wp-content\/uploads\/2023\/09\/Puerta-Aluminio-3.png\"><img loading=\"lazy\" decoding=\"async\" width=\"1024\" height=\"682\" data-id=\"904\" src=\"https:\/\/aluminiosalumar.com\/wp-content\/uploads\/2023\/09\/Puerta-Aluminio-3-1024x682.png\" alt=\"Ejemplo de tirador de ventana. puertas de PVC en Burgos\" class=\"wp-image-904\" srcset=\"https:\/\/aluminiosalumar.com\/wp-content\/uploads\/2023\/09\/Puerta-Aluminio-3-1024x682.png 1024w, https:\/\/aluminiosalumar.com\/wp-content\/uploads\/2023\/09\/Puerta-Aluminio-3-300x200.png 300w, https:\/\/aluminiosalumar.com\/wp-content\/uploads\/2023\/09\/Puerta-Aluminio-3-768x512.png 768w, https:\/\/aluminiosalumar.com\/wp-content\/uploads\/2023\/09\/Puerta-Aluminio-3.png 1536w\" sizes=\"auto, (max-width: 767px) 89vw, (max-width: 1000px) 54vw, (max-width: 1071px) 543px, 580px\" \/><\/a><\/figure>\n<\/figure>\n","protected":false},"excerpt":{"rendered":"<p>Confeccionamos a medida e instalamos puertas en PVC o en aluminio anodizado. Podr\u00e1s elegir entre m\u00faltiples acabados en cualquier color de la gama RAL, imitaciones de madera o texturas de imitaci\u00f3n de pinturas oxir\u00f3n o rugosidad de las maderas. Somos tu proveedor de puertas de aluminio y puertas de PVC en Burgos. \u2022 Puertas Interiores, &hellip; <\/p>\n<p class=\"link-more\"><a href=\"https:\/\/aluminiosalumar.com\/index.php\/puertas-de-pvc-en-burgos-puertas-de-aluminio\/\" class=\"more-link\">Continuar leyendo<span class=\"screen-reader-text\"> \u00abPuertas\u00bb<\/span><\/a><\/p>\n","protected":false},"author":1,"featured_media":0,"parent":0,"menu_order":0,"comment_status":"closed","ping_status":"closed","template":"","meta":{"footnotes":""},"class_list":["post-859","page","type-page","status-publish","hentry"],"yoast_head":"<!-- This site is optimized with the Yoast SEO plugin v24.2 - https:\/\/yoast.com\/wordpress\/plugins\/seo\/ -->\n<title>Puertas de PVC en Burgos. Puertas de aluminio | Aluminios Alumar<\/title>\n<meta name=\"description\" content=\"Puertas de PVC en Burgos, Alava y La Rioja. Puertas de aluminio Burgos. Puertas Interiores, exteriores, correderas, con apertura autom\u00e1tica.\" \/>\n<meta name=\"robots\" content=\"index, follow, max-snippet:-1, max-image-preview:large, max-video-preview:-1\" \/>\n<link rel=\"canonical\" href=\"https:\/\/aluminiosalumar.com\/index.php\/puertas-de-pvc-en-burgos-puertas-de-aluminio\/\" \/>\n<meta property=\"og:locale\" content=\"es_ES\" \/>\n<meta property=\"og:type\" content=\"article\" \/>\n<meta property=\"og:title\" content=\"Puertas de PVC en Burgos. Puertas de aluminio | Aluminios Alumar\" \/>\n<meta property=\"og:description\" content=\"Puertas de PVC en Burgos, Alava y La Rioja. Puertas de aluminio Burgos. Puertas Interiores, exteriores, correderas, con apertura autom\u00e1tica.\" \/>\n<meta property=\"og:url\" content=\"https:\/\/aluminiosalumar.com\/index.php\/puertas-de-pvc-en-burgos-puertas-de-aluminio\/\" \/>\n<meta property=\"article:modified_time\" content=\"2023-11-17T13:08:43+00:00\" \/>\n<meta property=\"og:image\" content=\"https:\/\/aluminiosalumar.com\/wp-content\/uploads\/2023\/09\/Puerta-ALUMAR-1.jpg\" \/>\n<meta name=\"twitter:card\" content=\"summary_large_image\" \/>\n<meta name=\"twitter:label1\" content=\"Tiempo de lectura\" \/>\n\t<meta name=\"twitter:data1\" content=\"3 minutos\" \/>\n<script type=\"application\/ld+json\" class=\"yoast-schema-graph\">{\"@context\":\"https:\/\/schema.org\",\"@graph\":[{\"@type\":\"WebPage\",\"@id\":\"https:\/\/aluminiosalumar.com\/index.php\/puertas-de-pvc-en-burgos-puertas-de-aluminio\/\",\"url\":\"https:\/\/aluminiosalumar.com\/index.php\/puertas-de-pvc-en-burgos-puertas-de-aluminio\/\",\"name\":\"Puertas de PVC en Burgos. Puertas de aluminio | Aluminios Alumar\",\"isPartOf\":{\"@id\":\"https:\/\/aluminiosalumar.com\/#website\"},\"primaryImageOfPage\":{\"@id\":\"https:\/\/aluminiosalumar.com\/index.php\/puertas-de-pvc-en-burgos-puertas-de-aluminio\/#primaryimage\"},\"image\":{\"@id\":\"https:\/\/aluminiosalumar.com\/index.php\/puertas-de-pvc-en-burgos-puertas-de-aluminio\/#primaryimage\"},\"thumbnailUrl\":\"https:\/\/aluminiosalumar.com\/wp-content\/uploads\/2023\/09\/Puerta-ALUMAR-1.jpg\",\"datePublished\":\"2023-09-07T09:46:01+00:00\",\"dateModified\":\"2023-11-17T13:08:43+00:00\",\"description\":\"Puertas de PVC en Burgos, Alava y La Rioja. Puertas de aluminio Burgos. Puertas Interiores, exteriores, correderas, con apertura autom\u00e1tica.\",\"breadcrumb\":{\"@id\":\"https:\/\/aluminiosalumar.com\/index.php\/puertas-de-pvc-en-burgos-puertas-de-aluminio\/#breadcrumb\"},\"inLanguage\":\"es\",\"potentialAction\":[{\"@type\":\"ReadAction\",\"target\":[\"https:\/\/aluminiosalumar.com\/index.php\/puertas-de-pvc-en-burgos-puertas-de-aluminio\/\"]}]},{\"@type\":\"ImageObject\",\"inLanguage\":\"es\",\"@id\":\"https:\/\/aluminiosalumar.com\/index.php\/puertas-de-pvc-en-burgos-puertas-de-aluminio\/#primaryimage\",\"url\":\"https:\/\/aluminiosalumar.com\/wp-content\/uploads\/2023\/09\/Puerta-ALUMAR-1.jpg\",\"contentUrl\":\"https:\/\/aluminiosalumar.com\/wp-content\/uploads\/2023\/09\/Puerta-ALUMAR-1.jpg\",\"width\":768,\"height\":1024},{\"@type\":\"BreadcrumbList\",\"@id\":\"https:\/\/aluminiosalumar.com\/index.php\/puertas-de-pvc-en-burgos-puertas-de-aluminio\/#breadcrumb\",\"itemListElement\":[{\"@type\":\"ListItem\",\"position\":1,\"name\":\"Portada\",\"item\":\"https:\/\/aluminiosalumar.com\/\"},{\"@type\":\"ListItem\",\"position\":2,\"name\":\"Puertas\"}]},{\"@type\":\"WebSite\",\"@id\":\"https:\/\/aluminiosalumar.com\/#website\",\"url\":\"https:\/\/aluminiosalumar.com\/\",\"name\":\"\",\"description\":\"Carpinter\u00eda de Alum\u00ednio y PVC\",\"potentialAction\":[{\"@type\":\"SearchAction\",\"target\":{\"@type\":\"EntryPoint\",\"urlTemplate\":\"https:\/\/aluminiosalumar.com\/?s={search_term_string}\"},\"query-input\":{\"@type\":\"PropertyValueSpecification\",\"valueRequired\":true,\"valueName\":\"search_term_string\"}}],\"inLanguage\":\"es\"}]}<\/script>\n<!-- \/ Yoast SEO plugin. -->","yoast_head_json":{"title":"Puertas de PVC en Burgos. Puertas de aluminio | Aluminios Alumar","description":"Puertas de PVC en Burgos, Alava y La Rioja. Puertas de aluminio Burgos. Puertas Interiores, exteriores, correderas, con apertura autom\u00e1tica.","robots":{"index":"index","follow":"follow","max-snippet":"max-snippet:-1","max-image-preview":"max-image-preview:large","max-video-preview":"max-video-preview:-1"},"canonical":"https:\/\/aluminiosalumar.com\/index.php\/puertas-de-pvc-en-burgos-puertas-de-aluminio\/","og_locale":"es_ES","og_type":"article","og_title":"Puertas de PVC en Burgos. Puertas de aluminio | Aluminios Alumar","og_description":"Puertas de PVC en Burgos, Alava y La Rioja. Puertas de aluminio Burgos. Puertas Interiores, exteriores, correderas, con apertura autom\u00e1tica.","og_url":"https:\/\/aluminiosalumar.com\/index.php\/puertas-de-pvc-en-burgos-puertas-de-aluminio\/","article_modified_time":"2023-11-17T13:08:43+00:00","og_image":[{"url":"https:\/\/aluminiosalumar.com\/wp-content\/uploads\/2023\/09\/Puerta-ALUMAR-1.jpg","type":"","width":"","height":""}],"twitter_card":"summary_large_image","twitter_misc":{"Tiempo de lectura":"3 minutos"},"schema":{"@context":"https:\/\/schema.org","@graph":[{"@type":"WebPage","@id":"https:\/\/aluminiosalumar.com\/index.php\/puertas-de-pvc-en-burgos-puertas-de-aluminio\/","url":"https:\/\/aluminiosalumar.com\/index.php\/puertas-de-pvc-en-burgos-puertas-de-aluminio\/","name":"Puertas de PVC en Burgos. Puertas de aluminio | Aluminios Alumar","isPartOf":{"@id":"https:\/\/aluminiosalumar.com\/#website"},"primaryImageOfPage":{"@id":"https:\/\/aluminiosalumar.com\/index.php\/puertas-de-pvc-en-burgos-puertas-de-aluminio\/#primaryimage"},"image":{"@id":"https:\/\/aluminiosalumar.com\/index.php\/puertas-de-pvc-en-burgos-puertas-de-aluminio\/#primaryimage"},"thumbnailUrl":"https:\/\/aluminiosalumar.com\/wp-content\/uploads\/2023\/09\/Puerta-ALUMAR-1.jpg","datePublished":"2023-09-07T09:46:01+00:00","dateModified":"2023-11-17T13:08:43+00:00","description":"Puertas de PVC en Burgos, Alava y La Rioja. Puertas de aluminio Burgos. Puertas Interiores, exteriores, correderas, con apertura autom\u00e1tica.","breadcrumb":{"@id":"https:\/\/aluminiosalumar.com\/index.php\/puertas-de-pvc-en-burgos-puertas-de-aluminio\/#breadcrumb"},"inLanguage":"es","potentialAction":[{"@type":"ReadAction","target":["https:\/\/aluminiosalumar.com\/index.php\/puertas-de-pvc-en-burgos-puertas-de-aluminio\/"]}]},{"@type":"ImageObject","inLanguage":"es","@id":"https:\/\/aluminiosalumar.com\/index.php\/puertas-de-pvc-en-burgos-puertas-de-aluminio\/#primaryimage","url":"https:\/\/aluminiosalumar.com\/wp-content\/uploads\/2023\/09\/Puerta-ALUMAR-1.jpg","contentUrl":"https:\/\/aluminiosalumar.com\/wp-content\/uploads\/2023\/09\/Puerta-ALUMAR-1.jpg","width":768,"height":1024},{"@type":"BreadcrumbList","@id":"https:\/\/aluminiosalumar.com\/index.php\/puertas-de-pvc-en-burgos-puertas-de-aluminio\/#breadcrumb","itemListElement":[{"@type":"ListItem","position":1,"name":"Portada","item":"https:\/\/aluminiosalumar.com\/"},{"@type":"ListItem","position":2,"name":"Puertas"}]},{"@type":"WebSite","@id":"https:\/\/aluminiosalumar.com\/#website","url":"https:\/\/aluminiosalumar.com\/","name":"","description":"Carpinter\u00eda de Alum\u00ednio y PVC","potentialAction":[{"@type":"SearchAction","target":{"@type":"EntryPoint","urlTemplate":"https:\/\/aluminiosalumar.com\/?s={search_term_string}"},"query-input":{"@type":"PropertyValueSpecification","valueRequired":true,"valueName":"search_term_string"}}],"inLanguage":"es"}]}},"_links":{"self":[{"href":"https:\/\/aluminiosalumar.com\/index.php\/wp-json\/wp\/v2\/pages\/859","targetHints":{"allow":["GET"]}}],"collection":[{"href":"https:\/\/aluminiosalumar.com\/index.php\/wp-json\/wp\/v2\/pages"}],"about":[{"href":"https:\/\/aluminiosalumar.com\/index.php\/wp-json\/wp\/v2\/types\/page"}],"author":[{"embeddable":true,"href":"https:\/\/aluminiosalumar.com\/index.php\/wp-json\/wp\/v2\/users\/1"}],"replies":[{"embeddable":true,"href":"https:\/\/aluminiosalumar.com\/index.php\/wp-json\/wp\/v2\/comments?post=859"}],"version-history":[{"count":10,"href":"https:\/\/aluminiosalumar.com\/index.php\/wp-json\/wp\/v2\/pages\/859\/revisions"}],"predecessor-version":[{"id":1220,"href":"https:\/\/aluminiosalumar.com\/index.php\/wp-json\/wp\/v2\/pages\/859\/revisions\/1220"}],"wp:attachment":[{"href":"https:\/\/aluminiosalumar.com\/index.php\/wp-json\/wp\/v2\/media?parent=859"}],"curies":[{"name":"wp","href":"https:\/\/api.w.org\/{rel}","templated":true}]}}