{"id":9,"date":"2023-05-19T09:36:29","date_gmt":"2023-05-19T09:36:29","guid":{"rendered":"https:\/\/asadorsidreriapalacios.com\/?page_id=9"},"modified":"2023-11-17T13:10:54","modified_gmt":"2023-11-17T13:10:54","slug":"inicio","status":"publish","type":"page","link":"https:\/\/aluminiosalumar.com\/","title":{"rendered":"Carpinter\u00eda met\u00e1lica de aluminio y PVC"},"content":{"rendered":"<p>ALUMAR es una carpinter\u00eda met\u00e1lica de aluminio y PVC, fundada en 2012, y reconocida por la excelencia en sus trabajos personalizados y a medida de alt\u00edsima calidad. Somos tu Carpinter\u00eda met\u00e1lica en Burgos.<\/p>\n<p>Disponemos de modernas instalaciones, el mejor equipamiento y un grupo humano experimentado capaz de afrontar todo tipo de proyectos, en cualquier punto de la pen\u00ednsula.<\/p>\n<p>\u00a0<\/p>\n\n\n<div style=\"height:50px\" aria-hidden=\"true\" class=\"wp-block-spacer\"><\/div>\n","protected":false},"excerpt":{"rendered":"<p>ALUMAR es una carpinter\u00eda met\u00e1lica de aluminio y PVC, fundada en 2012, y reconocida por la excelencia en sus trabajos personalizados y a medida de alt\u00edsima calidad. Somos tu Carpinter\u00eda met\u00e1lica en Burgos. Disponemos de modernas instalaciones, el mejor equipamiento y un grupo humano experimentado capaz de afrontar todo tipo de proyectos, en cualquier punto &hellip; <\/p>\n<p class=\"link-more\"><a href=\"https:\/\/aluminiosalumar.com\/\" class=\"more-link\">Continuar leyendo<span class=\"screen-reader-text\"> \u00abCarpinter\u00eda met\u00e1lica de aluminio y PVC\u00bb<\/span><\/a><\/p>\n","protected":false},"author":1,"featured_media":0,"parent":0,"menu_order":0,"comment_status":"closed","ping_status":"closed","template":"","meta":{"footnotes":""},"class_list":["post-9","page","type-page","status-publish","hentry"],"yoast_head":"<!-- This site is optimized with the Yoast SEO plugin v24.2 - https:\/\/yoast.com\/wordpress\/plugins\/seo\/ -->\n<title>Carpinter\u00eda met\u00e1lica en Burgos, Alava y La Rioja | Aluminios Alumar<\/title>\n<meta name=\"description\" content=\"Carpinter\u00eda met\u00e1lica en Burgos, Alava y La Rioja | Aluminios Alumar. Puertas y ventanas en aluminio y PVC. Puertas de garaje y terrazas.\" \/>\n<meta name=\"robots\" content=\"index, follow, max-snippet:-1, max-image-preview:large, max-video-preview:-1\" \/>\n<link rel=\"canonical\" href=\"https:\/\/aluminiosalumar.com\/\" \/>\n<meta property=\"og:locale\" content=\"es_ES\" \/>\n<meta property=\"og:type\" content=\"article\" \/>\n<meta property=\"og:title\" content=\"Carpinter\u00eda met\u00e1lica en Burgos, Alava y La Rioja | Aluminios Alumar\" \/>\n<meta property=\"og:description\" content=\"Carpinter\u00eda met\u00e1lica en Burgos, Alava y La Rioja | Aluminios Alumar. Puertas y ventanas en aluminio y PVC. Puertas de garaje y terrazas.\" \/>\n<meta property=\"og:url\" content=\"https:\/\/aluminiosalumar.com\/\" \/>\n<meta property=\"article:modified_time\" content=\"2023-11-17T13:10:54+00:00\" \/>\n<meta name=\"twitter:card\" content=\"summary_large_image\" \/>\n<meta name=\"twitter:label1\" content=\"Tiempo de lectura\" \/>\n\t<meta name=\"twitter:data1\" content=\"1 minuto\" \/>\n<script type=\"application\/ld+json\" class=\"yoast-schema-graph\">{\"@context\":\"https:\/\/schema.org\",\"@graph\":[{\"@type\":\"WebPage\",\"@id\":\"https:\/\/aluminiosalumar.com\/\",\"url\":\"https:\/\/aluminiosalumar.com\/\",\"name\":\"Carpinter\u00eda met\u00e1lica en Burgos, Alava y La Rioja | Aluminios Alumar\",\"isPartOf\":{\"@id\":\"https:\/\/aluminiosalumar.com\/#website\"},\"datePublished\":\"2023-05-19T09:36:29+00:00\",\"dateModified\":\"2023-11-17T13:10:54+00:00\",\"description\":\"Carpinter\u00eda met\u00e1lica en Burgos, Alava y La Rioja | Aluminios Alumar. Puertas y ventanas en aluminio y PVC. Puertas de garaje y terrazas.\",\"breadcrumb\":{\"@id\":\"https:\/\/aluminiosalumar.com\/#breadcrumb\"},\"inLanguage\":\"es\",\"potentialAction\":[{\"@type\":\"ReadAction\",\"target\":[\"https:\/\/aluminiosalumar.com\/\"]}]},{\"@type\":\"BreadcrumbList\",\"@id\":\"https:\/\/aluminiosalumar.com\/#breadcrumb\",\"itemListElement\":[{\"@type\":\"ListItem\",\"position\":1,\"name\":\"Portada\",\"item\":\"https:\/\/aluminiosalumar.com\/\"},{\"@type\":\"ListItem\",\"position\":2,\"name\":\"Carpinter\u00eda met\u00e1lica de aluminio y PVC\"}]},{\"@type\":\"WebSite\",\"@id\":\"https:\/\/aluminiosalumar.com\/#website\",\"url\":\"https:\/\/aluminiosalumar.com\/\",\"name\":\"\",\"description\":\"Carpinter\u00eda de Alum\u00ednio y PVC\",\"potentialAction\":[{\"@type\":\"SearchAction\",\"target\":{\"@type\":\"EntryPoint\",\"urlTemplate\":\"https:\/\/aluminiosalumar.com\/?s={search_term_string}\"},\"query-input\":{\"@type\":\"PropertyValueSpecification\",\"valueRequired\":true,\"valueName\":\"search_term_string\"}}],\"inLanguage\":\"es\"}]}<\/script>\n<!-- \/ Yoast SEO plugin. -->","yoast_head_json":{"title":"Carpinter\u00eda met\u00e1lica en Burgos, Alava y La Rioja | Aluminios Alumar","description":"Carpinter\u00eda met\u00e1lica en Burgos, Alava y La Rioja | Aluminios Alumar. Puertas y ventanas en aluminio y PVC. Puertas de garaje y terrazas.","robots":{"index":"index","follow":"follow","max-snippet":"max-snippet:-1","max-image-preview":"max-image-preview:large","max-video-preview":"max-video-preview:-1"},"canonical":"https:\/\/aluminiosalumar.com\/","og_locale":"es_ES","og_type":"article","og_title":"Carpinter\u00eda met\u00e1lica en Burgos, Alava y La Rioja | Aluminios Alumar","og_description":"Carpinter\u00eda met\u00e1lica en Burgos, Alava y La Rioja | Aluminios Alumar. Puertas y ventanas en aluminio y PVC. Puertas de garaje y terrazas.","og_url":"https:\/\/aluminiosalumar.com\/","article_modified_time":"2023-11-17T13:10:54+00:00","twitter_card":"summary_large_image","twitter_misc":{"Tiempo de lectura":"1 minuto"},"schema":{"@context":"https:\/\/schema.org","@graph":[{"@type":"WebPage","@id":"https:\/\/aluminiosalumar.com\/","url":"https:\/\/aluminiosalumar.com\/","name":"Carpinter\u00eda met\u00e1lica en Burgos, Alava y La Rioja | Aluminios Alumar","isPartOf":{"@id":"https:\/\/aluminiosalumar.com\/#website"},"datePublished":"2023-05-19T09:36:29+00:00","dateModified":"2023-11-17T13:10:54+00:00","description":"Carpinter\u00eda met\u00e1lica en Burgos, Alava y La Rioja | Aluminios Alumar. Puertas y ventanas en aluminio y PVC. Puertas de garaje y terrazas.","breadcrumb":{"@id":"https:\/\/aluminiosalumar.com\/#breadcrumb"},"inLanguage":"es","potentialAction":[{"@type":"ReadAction","target":["https:\/\/aluminiosalumar.com\/"]}]},{"@type":"BreadcrumbList","@id":"https:\/\/aluminiosalumar.com\/#breadcrumb","itemListElement":[{"@type":"ListItem","position":1,"name":"Portada","item":"https:\/\/aluminiosalumar.com\/"},{"@type":"ListItem","position":2,"name":"Carpinter\u00eda met\u00e1lica de aluminio y PVC"}]},{"@type":"WebSite","@id":"https:\/\/aluminiosalumar.com\/#website","url":"https:\/\/aluminiosalumar.com\/","name":"","description":"Carpinter\u00eda de Alum\u00ednio y PVC","potentialAction":[{"@type":"SearchAction","target":{"@type":"EntryPoint","urlTemplate":"https:\/\/aluminiosalumar.com\/?s={search_term_string}"},"query-input":{"@type":"PropertyValueSpecification","valueRequired":true,"valueName":"search_term_string"}}],"inLanguage":"es"}]}},"_links":{"self":[{"href":"https:\/\/aluminiosalumar.com\/index.php\/wp-json\/wp\/v2\/pages\/9","targetHints":{"allow":["GET"]}}],"collection":[{"href":"https:\/\/aluminiosalumar.com\/index.php\/wp-json\/wp\/v2\/pages"}],"about":[{"href":"https:\/\/aluminiosalumar.com\/index.php\/wp-json\/wp\/v2\/types\/page"}],"author":[{"embeddable":true,"href":"https:\/\/aluminiosalumar.com\/index.php\/wp-json\/wp\/v2\/users\/1"}],"replies":[{"embeddable":true,"href":"https:\/\/aluminiosalumar.com\/index.php\/wp-json\/wp\/v2\/comments?post=9"}],"version-history":[{"count":5,"href":"https:\/\/aluminiosalumar.com\/index.php\/wp-json\/wp\/v2\/pages\/9\/revisions"}],"predecessor-version":[{"id":1211,"href":"https:\/\/aluminiosalumar.com\/index.php\/wp-json\/wp\/v2\/pages\/9\/revisions\/1211"}],"wp:attachment":[{"href":"https:\/\/aluminiosalumar.com\/index.php\/wp-json\/wp\/v2\/media?parent=9"}],"curies":[{"name":"wp","href":"https:\/\/api.w.org\/{rel}","templated":true}]}}